{"id":3,"date":"2023-06-20T08:24:13","date_gmt":"2023-06-20T08:24:13","guid":{"rendered":"http:\/\/kdcgrupa.eu\/?page_id=3"},"modified":"2026-01-18T20:17:53","modified_gmt":"2026-01-18T18:17:53","slug":"privacy-policy","status":"publish","type":"page","link":"https:\/\/kdcgrupa.eu\/?page_id=3","title":{"rendered":"Privacy Policy"},"content":{"rendered":"\t\t<div data-elementor-type=\"wp-page\" data-elementor-id=\"3\" class=\"elementor elementor-3\">\n\t\t\t\t<div class=\"elementor-element elementor-element-3e66f4d2 e-flex e-con-boxed e-con e-parent\" data-id=\"3e66f4d2\" data-element_type=\"container\" data-e-type=\"container\">\n\t\t\t\t\t<div class=\"e-con-inner\">\n\t\t\t\t<div class=\"elementor-element elementor-element-5623ba3a elementor-widget elementor-widget-text-editor\" data-id=\"5623ba3a\" data-element_type=\"widget\" data-e-type=\"widget\" data-widget_type=\"text-editor.default\">\n\t\t\t\t<div class=\"elementor-widget-container\">\n\t\t\t\t\t\t\t\t\t<p>Adresa na\u0161e web stranice je:<\/p>\n<p>www.kdcgrupa.eu<\/p><p><br><\/p>\n<p>Komentari&nbsp;<\/p>\n<p>Kada posjetitelji ostavljaju komentare na web mjestu, prikupljamo podatke prikazane u obrascu za komentare, kao i IP adresu posjetitelja i niz korisni\u010dkog agenta preglednika kako bismo pomogli u otkrivanju ne\u017eeljene po\u0161te.<\/p>\n<p>Anonimizirani niz kreiran iz va\u0161e adrese e-po\u0161te mo\u017ee se dostaviti usluzi Gravatar kako bi vidjeli koristite li je. Politika privatnosti usluge Gravatar dostupna je ovdje: https:\/\/automattic.com\/privacy\/. Nakon odobrenja va\u0161eg komentara, va\u0161a profilna slika je vidljiva javnosti u kontekstu va\u0161eg komentara.<\/p><p><br><\/p>\n<p>Mediji&nbsp;&nbsp;<\/p>\n<p>Ako u\u010ditavate slike na web mjesto, trebali biste izbjegavati u\u010ditavanje slika s ugra\u0111enim podacima o lokaciji (EXIF GPS). Posjetitelji web stranice mogu preuzeti i izdvojiti podatke o lokaciji sa slika na web stranici.<\/p><p><br><\/p>\n<p>Kola\u010di\u0107i&nbsp;<\/p>\n<p>Ako ostavite komentar na na\u0161oj stranici, mo\u017eete odabrati spremanje svog imena, adrese e-po\u0161te i web stranice u kola\u010di\u0107e. Ovo slu\u017ei&nbsp; kako ne biste morali ponovno ispunjavati svoje podatke kada ostavljate novi komentar.&nbsp; Kola\u010di\u0107i \u0107e trajati godinu dana.<\/p>\n<p>Ako posjetite na\u0161u stranicu za prijavu, postavit \u0107emo privremeni kola\u010di\u0107 kako bismo utvrdili prihva\u0107a li va\u0161 preglednik kola\u010di\u0107e. Ovaj kola\u010di\u0107 ne sadr\u017ei osobne podatke i odbacuje se kada zatvorite preglednik.<\/p>\n<p>Kada se prijavite postaviti \u0107emo nekoliko kola\u010di\u0107a za spremanje va\u0161ih podataka za prijavu i va\u0161ih izbora prikaza na zaslonu. Kola\u010di\u0107i za prijavu traju dva dana, a kola\u010di\u0107i s opcijama zaslona godinu dana. Ako odaberete \u201cZapamti me\u201d, va\u0161a \u0107e prijava trajati dva tjedna. Ako se odjavite sa svog ra\u010duna, kola\u010di\u0107i za prijavu bit \u0107e uklonjeni.<\/p>\n<p>Ako uredite ili objavite \u010dlanak, dodatni kola\u010di\u0107 \u0107e se spremiti u va\u0161 preglednik. Ovaj kola\u010di\u0107 ne uklju\u010duje osobne podatke i samo ozna\u010dava ID objave \u010dlanka koji ste upravo uredili. Isti\u010de nakon jednoga dana.<\/p><p><br><\/p>\n<p>Ugra\u0111eni sadr\u017eaj s drugih web stranica&nbsp;<\/p>\n<p>\u010clanci na ovoj stranici mogu sadr\u017eavati ugra\u0111eni sadr\u017eaj (npr. videozapise, slike, \u010dlanke itd.). Ugra\u0111eni sadr\u017eaj s drugih web stranica pona\u0161a se na potpuno isti na\u010din kao da je posjetitelj posjetio drugu web stranicu.<\/p>\n<p>Ove web stranice mogu prikupljati podatke o vama, koristiti kola\u010di\u0107e, ugraditi dodatno pra\u0107enje tre\u0107e strane i pratiti va\u0161u interakciju s tim ugra\u0111enim sadr\u017eajem, uklju\u010duju\u0107i pra\u0107enje va\u0161e interakcije s ugra\u0111enim sadr\u017eajem ako imate ra\u010dun i prijavljeni ste na tu web stranicu.<\/p><p><br><\/p>\n<p>S kim dijelimo va\u0161e podatke?<\/p>\n<p>Ako zatra\u017eite ponovno postavljanje lozinke, va\u0161a IP adresa bit \u0107e uklju\u010dena u e-poruku za ponovno postavljanje.<\/p><p><br><\/p>\n<p>Koliko dugo zadr\u017eavamo va\u0161e podatke?<\/p>\n<p>Ako ostavite komentar, komentar i njegovi metapodaci zadr\u017eavaju se na neodre\u0111eno vrijeme. To je tako da mo\u017eemo automatski prepoznati i odobriti sve naknadne komentare umjesto da ih dr\u017eimo u redu za moderiranje.<\/p>\n<p>Za korisnike koji se registriraju na na\u0161oj web stranici (ako postoje), tako\u0111er pohranjujemo osobne podatke koje daju u svom korisni\u010dkom profilu. Svi korisnici mogu vidjeti, urediti ili izbrisati svoje osobne podatke u bilo kojem trenutku (osim \u0161to ne mogu promijeniti svoje korisni\u010dko ime). Administratori web mjesta tako\u0111er mogu vidjeti i urediti te informacije.<\/p><p><br><\/p>\n<p>Koja prava imate nad svojim podacima?<\/p>\n<p>Ako imate ra\u010dun na ovoj stranici ili ste ostavili komentare, mo\u017eete zatra\u017eiti izvezenu datoteku osobnih podataka koje imamo o vama, uklju\u010duju\u0107i sve podatke koje ste nam dostavili. Tako\u0111er mo\u017eete zatra\u017eiti da izbri\u0161emo sve osobne podatke koje imamo o vama. To ne uklju\u010duje podatke koje smo du\u017eni \u010duvati u administrativne, pravne ili sigurnosne svrhe.<\/p><p><br><\/p>\n<p>Kamo se \u0161alju va\u0161i podaci?<\/p>\n<p>Komentari posjetitelja mogu se provjeriti putem automatizirane usluge otkrivanja ne\u017eeljene po\u0161te.<\/p>\t\t\t\t\t\t\t\t<\/div>\n\t\t\t\t<\/div>\n\t\t\t\t\t<\/div>\n\t\t\t\t<\/div>\n\t\t<div class=\"elementor-element elementor-element-7bcba61 e-flex e-con-boxed e-con e-parent\" data-id=\"7bcba61\" data-element_type=\"container\" data-e-type=\"container\">\n\t\t\t\t\t<div class=\"e-con-inner\">\n\t\t<div class=\"elementor-element elementor-element-6105b3e e-flex e-con-boxed e-con e-child\" data-id=\"6105b3e\" data-element_type=\"container\" data-e-type=\"container\">\n\t\t\t\t\t<div class=\"e-con-inner\">\n\t\t<div class=\"elementor-element elementor-element-21ac015 e-flex e-con-boxed e-con e-child\" data-id=\"21ac015\" data-element_type=\"container\" data-e-type=\"container\">\n\t\t\t\t\t<div class=\"e-con-inner\">\n\t\t<footer class=\"elementor-element elementor-element-2e3e02d e-con-full e-flex e-con e-child\" data-id=\"2e3e02d\" data-element_type=\"container\" data-e-type=\"container\">\n\t\t<div class=\"elementor-element elementor-element-fd9523e e-con-full e-flex e-con e-child\" data-id=\"fd9523e\" data-element_type=\"container\" data-e-type=\"container\">\n\t\t\t\t<div class=\"elementor-element elementor-element-343cefc elementor-widget elementor-widget-image\" data-id=\"343cefc\" data-element_type=\"widget\" data-e-type=\"widget\" data-widget_type=\"image.default\">\n\t\t\t\t<div class=\"elementor-widget-container\">\n\t\t\t\t\t\t\t\t\t\t\t\t\t\t\t<img decoding=\"async\" width=\"150\" height=\"150\" src=\"https:\/\/kdcgrupa.eu\/wp-content\/uploads\/2023\/08\/cropped-KDCgrupa-logotip-grupe-transparentna-pozadina-bijeli-elementi-150x150.png\" class=\"attachment-thumbnail size-thumbnail wp-image-503\" alt=\"\" srcset=\"https:\/\/kdcgrupa.eu\/wp-content\/uploads\/2023\/08\/cropped-KDCgrupa-logotip-grupe-transparentna-pozadina-bijeli-elementi-150x150.png 150w, https:\/\/kdcgrupa.eu\/wp-content\/uploads\/2023\/08\/cropped-KDCgrupa-logotip-grupe-transparentna-pozadina-bijeli-elementi-300x300.png 300w, https:\/\/kdcgrupa.eu\/wp-content\/uploads\/2023\/08\/cropped-KDCgrupa-logotip-grupe-transparentna-pozadina-bijeli-elementi-270x270.png 270w, https:\/\/kdcgrupa.eu\/wp-content\/uploads\/2023\/08\/cropped-KDCgrupa-logotip-grupe-transparentna-pozadina-bijeli-elementi-192x192.png 192w, https:\/\/kdcgrupa.eu\/wp-content\/uploads\/2023\/08\/cropped-KDCgrupa-logotip-grupe-transparentna-pozadina-bijeli-elementi-180x180.png 180w, https:\/\/kdcgrupa.eu\/wp-content\/uploads\/2023\/08\/cropped-KDCgrupa-logotip-grupe-transparentna-pozadina-bijeli-elementi-32x32.png 32w, https:\/\/kdcgrupa.eu\/wp-content\/uploads\/2023\/08\/cropped-KDCgrupa-logotip-grupe-transparentna-pozadina-bijeli-elementi.png 512w\" sizes=\"(max-width: 150px) 100vw, 150px\" \/>\t\t\t\t\t\t\t\t\t\t\t\t\t\t\t<\/div>\n\t\t\t\t<\/div>\n\t\t\t\t<\/div>\n\t\t<div class=\"elementor-element elementor-element-4b86090 e-con-full e-flex e-con e-child\" data-id=\"4b86090\" data-element_type=\"container\" data-e-type=\"container\">\n\t\t\t\t<div class=\"elementor-element elementor-element-87151ff elementor-icon-list--layout-inline elementor-tablet-align-center elementor-align-center elementor-list-item-link-full_width elementor-widget elementor-widget-icon-list\" data-id=\"87151ff\" data-element_type=\"widget\" data-e-type=\"widget\" data-widget_type=\"icon-list.default\">\n\t\t\t\t<div class=\"elementor-widget-container\">\n\t\t\t\t\t\t\t<ul class=\"elementor-icon-list-items elementor-inline-items\">\n\t\t\t\t\t\t\t<li class=\"elementor-icon-list-item elementor-inline-item\">\n\t\t\t\t\t\t\t\t\t\t<span class=\"elementor-icon-list-text\"><a href='tel:018008008'>018008008<\/a><\/span>\n\t\t\t\t\t\t\t\t\t<\/li>\n\t\t\t\t\t\t\t\t<li class=\"elementor-icon-list-item elementor-inline-item\">\n\t\t\t\t\t\t\t\t\t\t<span class=\"elementor-icon-list-text\">Radni\u010dka cesta 177, Zagreb<\/span>\n\t\t\t\t\t\t\t\t\t<\/li>\n\t\t\t\t\t\t\t\t<li class=\"elementor-icon-list-item elementor-inline-item\">\n\t\t\t\t\t\t\t\t\t\t<span class=\"elementor-icon-list-text\"><a href='mailto:info@kdcgrupa.eu'>info@kdcgrupa.eu<\/a><\/span>\n\t\t\t\t\t\t\t\t\t<\/li>\n\t\t\t\t\t\t<\/ul>\n\t\t\t\t\t\t<\/div>\n\t\t\t\t<\/div>\n\t\t\t\t<\/div>\n\t\t\t\t<\/footer>\n\t\t\t\t\t<\/div>\n\t\t\t\t<\/div>\n\t\t\t\t\t<\/div>\n\t\t\t\t<\/div>\n\t\t\t\t\t<\/div>\n\t\t\t\t<\/div>\n\t\t\t\t<\/div>\n\t\t","protected":false},"excerpt":{"rendered":"<p>Adresa na\u0161e web stranice je: www.kdcgrupa.eu Komentari&nbsp; Kada posjetitelji ostavljaju komentare na web mjestu, prikupljamo podatke prikazane u obrascu za komentare, kao i IP adresu [&hellip;]<\/p>\n","protected":false},"author":1,"featured_media":0,"parent":0,"menu_order":0,"comment_status":"closed","ping_status":"closed","template":"","meta":{"_eb_attr":"","_regular_price":[],"currency_symbol":[],"_uag_custom_page_level_css":"","footnotes":""},"class_list":["post-3","page","type-page","status-publish","hentry"],"post_slider_layout_featured_media_urls":{"thumbnail":"","post_slider_layout_landscape_large":"","post_slider_layout_portrait_large":"","post_slider_layout_square_large":"","post_slider_layout_landscape":"","post_slider_layout_portrait":"","post_slider_layout_square":"","full":""},"yoast_head":"<!-- This site is optimized with the Yoast SEO plugin v27.4 - https:\/\/yoast.com\/product\/yoast-seo-wordpress\/ -->\n<title>Privacy Policy -<\/title>\n<meta name=\"robots\" content=\"index, follow, max-snippet:-1, max-image-preview:large, max-video-preview:-1\" \/>\n<link rel=\"canonical\" href=\"https:\/\/kdcgrupa.eu\/?page_id=3\" \/>\n<meta property=\"og:locale\" content=\"hr_HR\" \/>\n<meta property=\"og:type\" content=\"article\" \/>\n<meta property=\"og:title\" content=\"Privacy Policy -\" \/>\n<meta property=\"og:description\" content=\"Adresa na\u0161e web stranice je: www.kdcgrupa.eu Komentari&nbsp; Kada posjetitelji ostavljaju komentare na web mjestu, prikupljamo podatke prikazane u obrascu za komentare, kao i IP adresu [&hellip;]\" \/>\n<meta property=\"og:url\" content=\"https:\/\/kdcgrupa.eu\/?page_id=3\" \/>\n<meta property=\"article:modified_time\" content=\"2026-01-18T18:17:53+00:00\" \/>\n<meta property=\"og:image\" content=\"https:\/\/kdcgrupa.eu\/wp-content\/uploads\/2023\/08\/cropped-KDCgrupa-logotip-grupe-transparentna-pozadina-bijeli-elementi.png\" \/>\n\t<meta property=\"og:image:width\" content=\"512\" \/>\n\t<meta property=\"og:image:height\" content=\"512\" \/>\n\t<meta property=\"og:image:type\" content=\"image\/png\" \/>\n<meta name=\"twitter:card\" content=\"summary_large_image\" \/>\n<meta name=\"twitter:label1\" content=\"Procijenjeno vrijeme \u010ditanja\" \/>\n\t<meta name=\"twitter:data1\" content=\"4 minute\" \/>\n<script type=\"application\/ld+json\" class=\"yoast-schema-graph\">{\"@context\":\"https:\\\/\\\/schema.org\",\"@graph\":[{\"@type\":\"WebPage\",\"@id\":\"https:\\\/\\\/kdcgrupa.eu\\\/?page_id=3\",\"url\":\"https:\\\/\\\/kdcgrupa.eu\\\/?page_id=3\",\"name\":\"Privacy Policy -\",\"isPartOf\":{\"@id\":\"https:\\\/\\\/kdcgrupa.eu\\\/#website\"},\"primaryImageOfPage\":{\"@id\":\"https:\\\/\\\/kdcgrupa.eu\\\/?page_id=3#primaryimage\"},\"image\":{\"@id\":\"https:\\\/\\\/kdcgrupa.eu\\\/?page_id=3#primaryimage\"},\"thumbnailUrl\":\"http:\\\/\\\/kdcgrupa.eu\\\/wp-content\\\/uploads\\\/2023\\\/08\\\/cropped-KDCgrupa-logotip-grupe-transparentna-pozadina-bijeli-elementi-150x150.png\",\"datePublished\":\"2023-06-20T08:24:13+00:00\",\"dateModified\":\"2026-01-18T18:17:53+00:00\",\"breadcrumb\":{\"@id\":\"https:\\\/\\\/kdcgrupa.eu\\\/?page_id=3#breadcrumb\"},\"inLanguage\":\"hr\",\"potentialAction\":[{\"@type\":\"ReadAction\",\"target\":[\"https:\\\/\\\/kdcgrupa.eu\\\/?page_id=3\"]}]},{\"@type\":\"ImageObject\",\"inLanguage\":\"hr\",\"@id\":\"https:\\\/\\\/kdcgrupa.eu\\\/?page_id=3#primaryimage\",\"url\":\"http:\\\/\\\/kdcgrupa.eu\\\/wp-content\\\/uploads\\\/2023\\\/08\\\/cropped-KDCgrupa-logotip-grupe-transparentna-pozadina-bijeli-elementi-150x150.png\",\"contentUrl\":\"http:\\\/\\\/kdcgrupa.eu\\\/wp-content\\\/uploads\\\/2023\\\/08\\\/cropped-KDCgrupa-logotip-grupe-transparentna-pozadina-bijeli-elementi-150x150.png\"},{\"@type\":\"BreadcrumbList\",\"@id\":\"https:\\\/\\\/kdcgrupa.eu\\\/?page_id=3#breadcrumb\",\"itemListElement\":[{\"@type\":\"ListItem\",\"position\":1,\"name\":\"Po\u010detna stranica\",\"item\":\"https:\\\/\\\/kdcgrupa.eu\\\/\"},{\"@type\":\"ListItem\",\"position\":2,\"name\":\"Privacy Policy\"}]},{\"@type\":\"WebSite\",\"@id\":\"https:\\\/\\\/kdcgrupa.eu\\\/#website\",\"url\":\"https:\\\/\\\/kdcgrupa.eu\\\/\",\"name\":\"\",\"description\":\"WE MAKE SPACE FOR BUSINESS\",\"potentialAction\":[{\"@type\":\"SearchAction\",\"target\":{\"@type\":\"EntryPoint\",\"urlTemplate\":\"https:\\\/\\\/kdcgrupa.eu\\\/?s={search_term_string}\"},\"query-input\":{\"@type\":\"PropertyValueSpecification\",\"valueRequired\":true,\"valueName\":\"search_term_string\"}}],\"inLanguage\":\"hr\"}]}<\/script>\n<!-- \/ Yoast SEO plugin. -->","yoast_head_json":{"title":"Privacy Policy -","robots":{"index":"index","follow":"follow","max-snippet":"max-snippet:-1","max-image-preview":"max-image-preview:large","max-video-preview":"max-video-preview:-1"},"canonical":"https:\/\/kdcgrupa.eu\/?page_id=3","og_locale":"hr_HR","og_type":"article","og_title":"Privacy Policy -","og_description":"Adresa na\u0161e web stranice je: www.kdcgrupa.eu Komentari&nbsp; Kada posjetitelji ostavljaju komentare na web mjestu, prikupljamo podatke prikazane u obrascu za komentare, kao i IP adresu [&hellip;]","og_url":"https:\/\/kdcgrupa.eu\/?page_id=3","article_modified_time":"2026-01-18T18:17:53+00:00","og_image":[{"width":512,"height":512,"url":"https:\/\/kdcgrupa.eu\/wp-content\/uploads\/2023\/08\/cropped-KDCgrupa-logotip-grupe-transparentna-pozadina-bijeli-elementi.png","type":"image\/png"}],"twitter_card":"summary_large_image","twitter_misc":{"Procijenjeno vrijeme \u010ditanja":"4 minute"},"schema":{"@context":"https:\/\/schema.org","@graph":[{"@type":"WebPage","@id":"https:\/\/kdcgrupa.eu\/?page_id=3","url":"https:\/\/kdcgrupa.eu\/?page_id=3","name":"Privacy Policy -","isPartOf":{"@id":"https:\/\/kdcgrupa.eu\/#website"},"primaryImageOfPage":{"@id":"https:\/\/kdcgrupa.eu\/?page_id=3#primaryimage"},"image":{"@id":"https:\/\/kdcgrupa.eu\/?page_id=3#primaryimage"},"thumbnailUrl":"http:\/\/kdcgrupa.eu\/wp-content\/uploads\/2023\/08\/cropped-KDCgrupa-logotip-grupe-transparentna-pozadina-bijeli-elementi-150x150.png","datePublished":"2023-06-20T08:24:13+00:00","dateModified":"2026-01-18T18:17:53+00:00","breadcrumb":{"@id":"https:\/\/kdcgrupa.eu\/?page_id=3#breadcrumb"},"inLanguage":"hr","potentialAction":[{"@type":"ReadAction","target":["https:\/\/kdcgrupa.eu\/?page_id=3"]}]},{"@type":"ImageObject","inLanguage":"hr","@id":"https:\/\/kdcgrupa.eu\/?page_id=3#primaryimage","url":"http:\/\/kdcgrupa.eu\/wp-content\/uploads\/2023\/08\/cropped-KDCgrupa-logotip-grupe-transparentna-pozadina-bijeli-elementi-150x150.png","contentUrl":"http:\/\/kdcgrupa.eu\/wp-content\/uploads\/2023\/08\/cropped-KDCgrupa-logotip-grupe-transparentna-pozadina-bijeli-elementi-150x150.png"},{"@type":"BreadcrumbList","@id":"https:\/\/kdcgrupa.eu\/?page_id=3#breadcrumb","itemListElement":[{"@type":"ListItem","position":1,"name":"Po\u010detna stranica","item":"https:\/\/kdcgrupa.eu\/"},{"@type":"ListItem","position":2,"name":"Privacy Policy"}]},{"@type":"WebSite","@id":"https:\/\/kdcgrupa.eu\/#website","url":"https:\/\/kdcgrupa.eu\/","name":"","description":"WE MAKE SPACE FOR BUSINESS","potentialAction":[{"@type":"SearchAction","target":{"@type":"EntryPoint","urlTemplate":"https:\/\/kdcgrupa.eu\/?s={search_term_string}"},"query-input":{"@type":"PropertyValueSpecification","valueRequired":true,"valueName":"search_term_string"}}],"inLanguage":"hr"}]}},"uagb_featured_image_src":{"full":false,"thumbnail":false,"medium":false,"medium_large":false,"large":false,"1536x1536":false,"2048x2048":false,"post_slider_layout_landscape_large":false,"post_slider_layout_portrait_large":false,"post_slider_layout_square_large":false,"post_slider_layout_landscape":false,"post_slider_layout_portrait":false,"post_slider_layout_square":false},"uagb_author_info":{"display_name":"mirela.coric","author_link":"https:\/\/kdcgrupa.eu\/?author=1"},"uagb_comment_info":0,"uagb_excerpt":"Adresa na\u0161e web stranice je: www.kdcgrupa.eu Komentari&nbsp; Kada posjetitelji ostavljaju komentare na web mjestu, prikupljamo podatke prikazane u obrascu za komentare, kao i IP adresu [&hellip;]","_links":{"self":[{"href":"https:\/\/kdcgrupa.eu\/index.php?rest_route=\/wp\/v2\/pages\/3","targetHints":{"allow":["GET"]}}],"collection":[{"href":"https:\/\/kdcgrupa.eu\/index.php?rest_route=\/wp\/v2\/pages"}],"about":[{"href":"https:\/\/kdcgrupa.eu\/index.php?rest_route=\/wp\/v2\/types\/page"}],"author":[{"embeddable":true,"href":"https:\/\/kdcgrupa.eu\/index.php?rest_route=\/wp\/v2\/users\/1"}],"replies":[{"embeddable":true,"href":"https:\/\/kdcgrupa.eu\/index.php?rest_route=%2Fwp%2Fv2%2Fcomments&post=3"}],"version-history":[{"count":43,"href":"https:\/\/kdcgrupa.eu\/index.php?rest_route=\/wp\/v2\/pages\/3\/revisions"}],"predecessor-version":[{"id":3797,"href":"https:\/\/kdcgrupa.eu\/index.php?rest_route=\/wp\/v2\/pages\/3\/revisions\/3797"}],"wp:attachment":[{"href":"https:\/\/kdcgrupa.eu\/index.php?rest_route=%2Fwp%2Fv2%2Fmedia&parent=3"}],"curies":[{"name":"wp","href":"https:\/\/api.w.org\/{rel}","templated":true}]}}